{"id":771,"date":"2021-08-18T14:21:55","date_gmt":"2021-08-18T06:21:55","guid":{"rendered":"https:\/\/www.shuanglingtech.cn\/?post_type=product&#038;p=771"},"modified":"2023-02-22T16:36:24","modified_gmt":"2023-02-22T08:36:24","slug":"xsym-02%e9%ab%98%e5%8e%8b%e8%bd%af%e7%ae%a1%e6%97%a0%e6%8c%a0%e6%9b%b2%e6%b6%b2%e5%8e%8b%e8%84%89%e5%86%b2%e8%af%95%e9%aa%8c%e8%a3%85%e7%bd%ae","status":"publish","type":"product","link":"https:\/\/www.shuanglingtech.com\/en\/product\/xsym-02\u9ad8\u538b\u8f6f\u7ba1\u65e0\u6320\u66f2\u6db2\u538b\u8109\u51b2\u8bd5\u9a8c\u88c5\u7f6e\/","title":{"rendered":"XSYM-02 High-pressure hose deflection-free hydraulic pulse tester"},"content":{"rendered":"<p><strong>Technical parameters:<\/strong><\/p>\n<table width=\"99%\">\n<tbody>\n<tr>\n<td width=\"19%\">\n<p style=\"text-align: center;\"><strong>Supply Voltage<\/strong><\/p>\n<\/td>\n<td style=\"text-align: center;\" width=\"31%\">AC380V \u00b110% 50HZ \u00b11% (three-phase five-wire system)<\/td>\n<td style=\"text-align: center;\" width=\"15%\"><strong>sample size (statistics)<\/strong><\/td>\n<td style=\"text-align: center;\" width=\"33%\">4<\/td>\n<\/tr>\n<tr>\n<td style=\"text-align: center;\" width=\"19%\"><strong>Maximum power consumption<\/strong><\/td>\n<td style=\"text-align: center;\" width=\"31%\">51.5KW<\/td>\n<td style=\"text-align: center;\" width=\"15%\"><strong>Setting Pulse Rate<\/strong><\/td>\n<td width=\"33%\">\n<p style=\"text-align: center;\">0-2Hz Acquisition speed 500Hz<\/p>\n<\/td>\n<\/tr>\n<tr>\n<td width=\"19%\">\n<p style=\"text-align: center;\"><strong>Overall dimensions<\/strong><\/p>\n<\/td>\n<td style=\"text-align: center;\" width=\"31%\">(1) Test bench 2000 (length) \u00d7 1200 (thickness) \u00d7 2000 (height) (2) Hydraulic pump station 2000 (L) \u00d7 1200 (Thick) \u00d7 2200 (H) (3) Electrical control box 900 (L) \u00d7 650 (Thick) \u00d7 2000 (H)<\/p>\n<p>(4) Cooling unit 2500 (L) x 1200 (Thick) 1000 (H)<\/td>\n<td style=\"text-align: center;\" width=\"15%\"><strong>Specimen length<\/strong><\/td>\n<td width=\"33%\">\n<p style=\"text-align: center;\">1) The nominal inner diameter of the hose in 22mm (including 22mm) or less according to the formula (2) 180 \u00b0 bending, free length = \u03c0 (r + d \/ 2) + 2d ............... (2) The nominal inner diameter of the hose more than 22mm calculated according to formula (3) 90 \u00b0 bending, free length = \u03c0 \/ 2 (r + d \/ 2) + 2d .................. (3) where: r -Minimum bending radius; d - hose outer diameter<\/p>\n<\/td>\n<\/tr>\n<tr>\n<td width=\"19%\">\n<p style=\"text-align: center;\"><strong>Weight<\/strong><\/p>\n<\/td>\n<td style=\"text-align: center;\" width=\"31%\">1.86T<\/td>\n<td style=\"text-align: center;\" width=\"15%\"><strong>Maximum pressure<\/strong><\/td>\n<td style=\"text-align: center;\" width=\"33%\">100MPa<\/td>\n<\/tr>\n<tr>\n<td style=\"text-align: center;\" width=\"19%\"><strong>Test Fluid<\/strong><\/td>\n<td style=\"text-align: center;\" width=\"31%\">According to GB\/T3141-1994, the test liquid should meet the requirements of N46 at 40\u2103.<\/td>\n<td style=\"text-align: center;\" width=\"15%\"><strong>Maximum number of pulses<\/strong><\/td>\n<td width=\"33%\">\n<p style=\"text-align: center;\">999,999 times.<\/p>\n<\/td>\n<\/tr>\n<tr>\n<td width=\"19%\">\n<p style=\"text-align: center;\"><strong>Test temperature setting range<\/strong><\/p>\n<\/td>\n<td style=\"text-align: center;\" width=\"31%\">50-150\u2103 Temperature control accuracy \u00b13 degrees<\/td>\n<td width=\"15%\">\n<p style=\"text-align: center;\"><strong>\u00a0<\/strong><\/p>\n<\/td>\n<td width=\"33%\"><strong>\u00a0<\/strong><\/td>\n<\/tr>\n<\/tbody>\n<\/table>","protected":false},"excerpt":{"rendered":"<p><strong>Overview:<\/strong><\/p>\n<p>XSYM-02 pulse test device conforms to GB\/T5568-2006\/ISO6803:1994 standard, it is a standard device for testing rubber, or plastic hoses and hose assemblies without deflection test. It is suitable for the pulse test and pressure test of high-pressure hydraulic hose and hose assemblies which are subjected to pulse pressure in use.<\/p>","protected":false},"featured_media":772,"template":"","meta":{"site-sidebar-layout":"default","site-content-layout":"","ast-site-content-layout":"default","site-content-style":"default","site-sidebar-style":"default","ast-global-header-display":"","ast-banner-title-visibility":"","ast-main-header-display":"","ast-hfb-above-header-display":"","ast-hfb-below-header-display":"","ast-hfb-mobile-header-display":"","site-post-title":"","ast-breadcrumbs-content":"","ast-featured-img":"","footer-sml-layout":"","ast-disable-related-posts":"","theme-transparent-header-meta":"","adv-header-id-meta":"","stick-header-meta":"","header-above-stick-meta":"","header-main-stick-meta":"","header-below-stick-meta":"","astra-migrate-meta-layouts":"default","ast-page-background-enabled":"default","ast-page-background-meta":{"desktop":{"background-color":"var(--ast-global-color-4)","background-image":"","background-repeat":"repeat","background-position":"center center","background-size":"auto","background-attachment":"scroll","background-type":"","background-media":"","overlay-type":"","overlay-color":"","overlay-opacity":"","overlay-gradient":""},"tablet":{"background-color":"","background-image":"","background-repeat":"repeat","background-position":"center center","background-size":"auto","background-attachment":"scroll","background-type":"","background-media":"","overlay-type":"","overlay-color":"","overlay-opacity":"","overlay-gradient":""},"mobile":{"background-color":"","background-image":"","background-repeat":"repeat","background-position":"center center","background-size":"auto","background-attachment":"scroll","background-type":"","background-media":"","overlay-type":"","overlay-color":"","overlay-opacity":"","overlay-gradient":""}},"ast-content-background-meta":{"desktop":{"background-color":"var(--ast-global-color-5)","background-image":"","background-repeat":"repeat","background-position":"center center","background-size":"auto","background-attachment":"scroll","background-type":"","background-media":"","overlay-type":"","overlay-color":"","overlay-opacity":"","overlay-gradient":""},"tablet":{"background-color":"var(--ast-global-color-5)","background-image":"","background-repeat":"repeat","background-position":"center center","background-size":"auto","background-attachment":"scroll","background-type":"","background-media":"","overlay-type":"","overlay-color":"","overlay-opacity":"","overlay-gradient":""},"mobile":{"background-color":"var(--ast-global-color-5)","background-image":"","background-repeat":"repeat","background-position":"center center","background-size":"auto","background-attachment":"scroll","background-type":"","background-media":"","overlay-type":"","overlay-color":"","overlay-opacity":"","overlay-gradient":""}}},"product_brand":[],"product_cat":[38,21],"product_tag":[74],"class_list":{"0":"post-771","1":"product","2":"type-product","3":"status-publish","4":"has-post-thumbnail","6":"product_cat-testingmachine","7":"product_cat-21","8":"product_tag-74","9":"desktop-align-left","10":"tablet-align-left","11":"mobile-align-left","12":"ast-product-gallery-layout-vertical-slider","13":"ast-product-gallery-with-no-image","14":"ast-magnify-disabled","15":"ast-product-tabs-layout-horizontal","17":"first","18":"instock","19":"virtual","20":"product-type-simple"},"_links":{"self":[{"href":"https:\/\/www.shuanglingtech.com\/en\/wp-json\/wp\/v2\/product\/771","targetHints":{"allow":["GET"]}}],"collection":[{"href":"https:\/\/www.shuanglingtech.com\/en\/wp-json\/wp\/v2\/product"}],"about":[{"href":"https:\/\/www.shuanglingtech.com\/en\/wp-json\/wp\/v2\/types\/product"}],"wp:featuredmedia":[{"embeddable":true,"href":"https:\/\/www.shuanglingtech.com\/en\/wp-json\/wp\/v2\/media\/772"}],"wp:attachment":[{"href":"https:\/\/www.shuanglingtech.com\/en\/wp-json\/wp\/v2\/media?parent=771"}],"wp:term":[{"taxonomy":"product_brand","embeddable":true,"href":"https:\/\/www.shuanglingtech.com\/en\/wp-json\/wp\/v2\/product_brand?post=771"},{"taxonomy":"product_cat","embeddable":true,"href":"https:\/\/www.shuanglingtech.com\/en\/wp-json\/wp\/v2\/product_cat?post=771"},{"taxonomy":"product_tag","embeddable":true,"href":"https:\/\/www.shuanglingtech.com\/en\/wp-json\/wp\/v2\/product_tag?post=771"}],"curies":[{"name":"wp","href":"https:\/\/api.w.org\/{rel}","templated":true}]}}