{"id":878,"date":"2021-08-19T14:19:26","date_gmt":"2021-08-19T06:19:26","guid":{"rendered":"https:\/\/www.shuanglingtech.cn\/?post_type=product&#038;p=878"},"modified":"2021-11-05T11:51:12","modified_gmt":"2021-11-05T03:51:12","slug":"slo3-100%e8%87%ad%e6%b0%a7%e8%80%81%e5%8c%96%e7%ae%b1","status":"publish","type":"product","link":"https:\/\/www.shuanglingtech.com\/en\/product\/slo3-100\u81ed\u6c27\u8001\u5316\u7bb1\/","title":{"rendered":"SLO3-100 Ozone Aging Chamber"},"content":{"rendered":"<p><strong>Technical Parameters.<\/strong><\/p>\n<table width=\"99%\">\n<tbody>\n<tr>\n<td width=\"32%\">\n<p style=\"text-align: center;\"><strong>Studio Size<\/strong><\/p>\n<\/td>\n<td style=\"text-align: center;\" width=\"67%\">400\u00d7450\u00d7550mm(D\u00d7W\u00d7H)<\/td>\n<\/tr>\n<tr>\n<td style=\"text-align: center;\" width=\"32%\"><strong>temperature range<\/strong><\/td>\n<td width=\"67%\">\n<p style=\"text-align: center;\">25\u2103 -65\u2103 Adjustable<\/p>\n<\/td>\n<\/tr>\n<tr>\n<td width=\"32%\">\n<p style=\"text-align: center;\"><strong>volatility<\/strong><\/p>\n<\/td>\n<td style=\"text-align: center;\" width=\"67%\">\u2264\u00b10.5\u00b0C<\/td>\n<\/tr>\n<tr>\n<td style=\"text-align: center;\" width=\"32%\"><strong>evenness<\/strong><\/td>\n<td width=\"67%\">\n<p style=\"text-align: center;\">\u22642\u00b0C<\/p>\n<\/td>\n<\/tr>\n<tr>\n<td width=\"32%\">\n<p style=\"text-align: center;\"><strong>Humidity range<\/strong><\/p>\n<\/td>\n<td style=\"text-align: center;\" width=\"67%\">30-65%RH<\/td>\n<\/tr>\n<tr>\n<td style=\"text-align: center;\" width=\"32%\"><strong>Humidity uniformity<\/strong><\/td>\n<td width=\"67%\">\n<p style=\"text-align: center;\">+2, -3% RH<\/p>\n<\/td>\n<\/tr>\n<tr>\n<td width=\"32%\">\n<p style=\"text-align: center;\"><strong>heating rate<\/strong><\/p>\n<\/td>\n<td style=\"text-align: center;\" width=\"67%\">0.7\uff5e1.0\u2103\/min<\/td>\n<\/tr>\n<tr>\n<td style=\"text-align: center;\" width=\"32%\"><strong>ozone concentration<\/strong><\/td>\n<td width=\"67%\">\n<p style=\"text-align: center;\">50-500pphm adjustable<\/p>\n<\/td>\n<\/tr>\n<tr>\n<td width=\"32%\">\n<p style=\"text-align: center;\"><strong>Ozone concentration deviation<\/strong><\/p>\n<\/td>\n<td style=\"text-align: center;\" width=\"67%\">10% National Standard<\/td>\n<\/tr>\n<tr>\n<td style=\"text-align: center;\" width=\"32%\"><strong>gas velocity<\/strong><\/td>\n<td width=\"67%\">\n<p style=\"text-align: center;\">8\uff5e16mm\/s<\/p>\n<\/td>\n<\/tr>\n<tr>\n<td width=\"32%\">\n<p style=\"text-align: center;\"><strong>Rotary speed of specimen holder<\/strong><\/p>\n<\/td>\n<td style=\"text-align: center;\" width=\"67%\">0 to 50mm\/s<\/td>\n<\/tr>\n<tr>\n<td style=\"text-align: center;\" width=\"32%\"><strong>Test gas flow rate<\/strong><\/td>\n<td width=\"67%\">\n<p style=\"text-align: center;\">0-60L\/min<\/p>\n<\/td>\n<\/tr>\n<tr>\n<td width=\"32%\">\n<p style=\"text-align: center;\"><strong>Rotation speed of the sample frame<\/strong><\/p>\n<\/td>\n<td style=\"text-align: center;\" width=\"67%\">1 rpm (adjustable)<\/td>\n<\/tr>\n<tr>\n<td style=\"text-align: center;\" width=\"32%\"><strong>Fixture elongation<\/strong><\/td>\n<td width=\"67%\">\n<p style=\"text-align: center;\">5 to 45%<\/p>\n<\/td>\n<\/tr>\n<tr>\n<td width=\"32%\">\n<p style=\"text-align: center;\"><strong>total power<\/strong><\/p>\n<\/td>\n<td width=\"67%\">\n<p style=\"text-align: center;\">5.5KW<\/p>\n<\/td>\n<\/tr>\n<tr>\n<td colspan=\"2\" width=\"100%\">New specimen holder Each fixture can be installed test piece stretching to meet the type \u2160 dumbbell piece and the actual workpiece.<\/p>\n<p>Dynamic and static tensile frame<\/td>\n<\/tr>\n<\/tbody>\n<\/table>","protected":false},"excerpt":{"rendered":"<p><strong>Overview.<\/strong><\/p>\n<p>Ozone content in the atmosphere is very small but the main factor of rubber cracking, SLO3-100 ozone aging chamber is to simulate and strengthen the atmospheric ozone environment, study the role of ozone on the rubber law, rapid identification and evaluation of rubber anti-ozone aging performance and anti-ozone agent protection effectiveness of the method, and then take effective anti-aging measures to improve the service life of rubber products. This equipment is suitable for non-metallic materials, organic materials (paint, rubber, plastic, paint, pigment, etc.) in the ozone conditions of the aging test.<\/p>","protected":false},"featured_media":879,"template":"","meta":{"site-sidebar-layout":"default","site-content-layout":"","ast-site-content-layout":"default","site-content-style":"default","site-sidebar-style":"default","ast-global-header-display":"","ast-banner-title-visibility":"","ast-main-header-display":"","ast-hfb-above-header-display":"","ast-hfb-below-header-display":"","ast-hfb-mobile-header-display":"","site-post-title":"","ast-breadcrumbs-content":"","ast-featured-img":"","footer-sml-layout":"","ast-disable-related-posts":"","theme-transparent-header-meta":"","adv-header-id-meta":"","stick-header-meta":"","header-above-stick-meta":"","header-main-stick-meta":"","header-below-stick-meta":"","astra-migrate-meta-layouts":"default","ast-page-background-enabled":"default","ast-page-background-meta":{"desktop":{"background-color":"var(--ast-global-color-4)","background-image":"","background-repeat":"repeat","background-position":"center center","background-size":"auto","background-attachment":"scroll","background-type":"","background-media":"","overlay-type":"","overlay-color":"","overlay-opacity":"","overlay-gradient":""},"tablet":{"background-color":"","background-image":"","background-repeat":"repeat","background-position":"center center","background-size":"auto","background-attachment":"scroll","background-type":"","background-media":"","overlay-type":"","overlay-color":"","overlay-opacity":"","overlay-gradient":""},"mobile":{"background-color":"","background-image":"","background-repeat":"repeat","background-position":"center center","background-size":"auto","background-attachment":"scroll","background-type":"","background-media":"","overlay-type":"","overlay-color":"","overlay-opacity":"","overlay-gradient":""}},"ast-content-background-meta":{"desktop":{"background-color":"var(--ast-global-color-5)","background-image":"","background-repeat":"repeat","background-position":"center center","background-size":"auto","background-attachment":"scroll","background-type":"","background-media":"","overlay-type":"","overlay-color":"","overlay-opacity":"","overlay-gradient":""},"tablet":{"background-color":"var(--ast-global-color-5)","background-image":"","background-repeat":"repeat","background-position":"center center","background-size":"auto","background-attachment":"scroll","background-type":"","background-media":"","overlay-type":"","overlay-color":"","overlay-opacity":"","overlay-gradient":""},"mobile":{"background-color":"var(--ast-global-color-5)","background-image":"","background-repeat":"repeat","background-position":"center center","background-size":"auto","background-attachment":"scroll","background-type":"","background-media":"","overlay-type":"","overlay-color":"","overlay-opacity":"","overlay-gradient":""}}},"product_brand":[],"product_cat":[38,25,37],"product_tag":[],"class_list":{"0":"post-878","1":"product","2":"type-product","3":"status-publish","4":"has-post-thumbnail","6":"product_cat-testingmachine","7":"product_cat-25","8":"product_cat-37","9":"desktop-align-left","10":"tablet-align-left","11":"mobile-align-left","12":"ast-product-gallery-layout-vertical-slider","13":"ast-product-gallery-with-no-image","14":"ast-magnify-disabled","15":"ast-product-tabs-layout-horizontal","17":"first","18":"instock","19":"virtual","20":"product-type-simple"},"_links":{"self":[{"href":"https:\/\/www.shuanglingtech.com\/en\/wp-json\/wp\/v2\/product\/878","targetHints":{"allow":["GET"]}}],"collection":[{"href":"https:\/\/www.shuanglingtech.com\/en\/wp-json\/wp\/v2\/product"}],"about":[{"href":"https:\/\/www.shuanglingtech.com\/en\/wp-json\/wp\/v2\/types\/product"}],"wp:featuredmedia":[{"embeddable":true,"href":"https:\/\/www.shuanglingtech.com\/en\/wp-json\/wp\/v2\/media\/879"}],"wp:attachment":[{"href":"https:\/\/www.shuanglingtech.com\/en\/wp-json\/wp\/v2\/media?parent=878"}],"wp:term":[{"taxonomy":"product_brand","embeddable":true,"href":"https:\/\/www.shuanglingtech.com\/en\/wp-json\/wp\/v2\/product_brand?post=878"},{"taxonomy":"product_cat","embeddable":true,"href":"https:\/\/www.shuanglingtech.com\/en\/wp-json\/wp\/v2\/product_cat?post=878"},{"taxonomy":"product_tag","embeddable":true,"href":"https:\/\/www.shuanglingtech.com\/en\/wp-json\/wp\/v2\/product_tag?post=878"}],"curies":[{"name":"wp","href":"https:\/\/api.w.org\/{rel}","templated":true}]}}